{"id":2292,"date":"2023-03-21T07:57:58","date_gmt":"2023-03-21T06:57:58","guid":{"rendered":"https:\/\/factorylab.fr\/legal-notice\/"},"modified":"2023-06-23T12:03:14","modified_gmt":"2023-06-23T10:03:14","slug":"legal-notice","status":"publish","type":"page","link":"https:\/\/factorylab.fr\/en\/legal-notice\/","title":{"rendered":"Legal notice"},"content":{"rendered":"\t\t<div data-elementor-type=\"wp-page\" data-elementor-id=\"2292\" class=\"elementor elementor-2292 elementor-1758\" data-elementor-post-type=\"page\">\n\t\t\t\t\t\t<section data-particle_enable=\"false\" data-particle-mobile-disabled=\"false\" class=\"elementor-section elementor-top-section elementor-element elementor-element-abef07c elementor-section-boxed elementor-section-height-default elementor-section-height-default\" data-id=\"abef07c\" data-element_type=\"section\" data-e-type=\"section\">\n\t\t\t\t\t\t<div class=\"elementor-container elementor-column-gap-default\">\n\t\t\t\t\t<div class=\"elementor-column elementor-col-50 elementor-top-column elementor-element elementor-element-a40edc6\" data-id=\"a40edc6\" data-element_type=\"column\" data-e-type=\"column\">\n\t\t\t<div class=\"elementor-widget-wrap elementor-element-populated\">\n\t\t\t\t\t\t<div class=\"elementor-element elementor-element-e48be62 elementor-widget elementor-widget-heading\" data-id=\"e48be62\" data-element_type=\"widget\" data-e-type=\"widget\" data-widget_type=\"heading.default\">\n\t\t\t\t<div class=\"elementor-widget-container\">\n\t\t\t\t\t<h1 class=\"elementor-heading-title elementor-size-default\">Legal notice<\/h1>\t\t\t\t<\/div>\n\t\t\t\t<\/div>\n\t\t\t\t<div class=\"elementor-element elementor-element-f507a7b elementor-widget elementor-widget-text-editor\" data-id=\"f507a7b\" data-element_type=\"widget\" data-e-type=\"widget\" data-widget_type=\"text-editor.default\">\n\t\t\t\t<div class=\"elementor-widget-container\">\n\t\t\t\t\t\t\t\t\t<p><strong>Publisher:<\/strong> <br \/>Commissariat \u00e0 l&#8217;\u00e9nergie atomique et aux \u00e9nergies Alternatives (CEA)<\/p>\n<p>25 rue Leblanc<\/p>\n<p>B\u00e2timent Le Ponant D<br \/>75015 Paris<\/p>\n<p>RCS B 775 685 019<\/p>\n<p>01 64 50 20 59<\/p>\n<p><strong>Host:<\/strong><br \/>CEA<br \/>25 rue Leblanc<\/p>\n<p>B\u00e2timent Le Ponant D<br \/>75015 Paris<\/p>\n<p>RCS B 775 685 019<\/p>\n<p>01 64 50 20 59<\/p>\n<p><strong>Editorial manager<\/strong>:<br \/>factorylab@cea.fr<\/p>\n<p><strong>Design and layout<\/strong>:<br \/>CEA<\/p>\n\t\t\t\t\t\t\t\t<\/div>\n\t\t\t\t<\/div>\n\t\t\t\t<div class=\"elementor-element elementor-element-8af3f74 elementor-widget elementor-widget-heading\" data-id=\"8af3f74\" data-element_type=\"widget\" data-e-type=\"widget\" data-widget_type=\"heading.default\">\n\t\t\t\t<div class=\"elementor-widget-container\">\n\t\t\t\t\t<h2 class=\"elementor-heading-title elementor-size-default\">Intellectual property<\/h2>\t\t\t\t<\/div>\n\t\t\t\t<\/div>\n\t\t\t\t<div class=\"elementor-element elementor-element-c21a468 elementor-widget elementor-widget-text-editor\" data-id=\"c21a468\" data-element_type=\"widget\" data-e-type=\"widget\" data-widget_type=\"text-editor.default\">\n\t\t\t\t<div class=\"elementor-widget-container\">\n\t\t\t\t\t\t\t\t\t<p>This website is governed by French and international copyright and intellectual property law. All rights to reproduction are reserved, including with regard to downloadable documents and graphics and photographs.<\/p>\n<p>The text on this website may be printed out, particularly for the purpose of teaching, subject to compliance with the three conditions below:<\/p>\n<ul>\n<li>publication free of charge,<\/li>\n<li>compliance with the integrity of reproduced documents: no modification or alteration of any sort,<\/li>\n<li>clear and legible reference to the source in the following form, for example: \u201cThis document is taken from the website of FactoryLab (https:\/\/www.factorylab.fr). Rights to reproduction reserved\u201d.\n<p>For any other use, <a href=\"https:\/\/factorylab.fr\/en\/contact-us\/\">please enquire<\/a>.<\/p>\n<\/li>\n<\/ul>\n\t\t\t\t\t\t\t\t<\/div>\n\t\t\t\t<\/div>\n\t\t\t\t<div class=\"elementor-element elementor-element-12146c5 elementor-widget elementor-widget-heading\" data-id=\"12146c5\" data-element_type=\"widget\" data-e-type=\"widget\" data-widget_type=\"heading.default\">\n\t\t\t\t<div class=\"elementor-widget-container\">\n\t\t\t\t\t<h2 class=\"elementor-heading-title elementor-size-default\">Right of access to personal data\n<\/h2>\t\t\t\t<\/div>\n\t\t\t\t<\/div>\n\t\t\t\t<div class=\"elementor-element elementor-element-246ddc1 elementor-widget elementor-widget-text-editor\" data-id=\"246ddc1\" data-element_type=\"widget\" data-e-type=\"widget\" data-widget_type=\"text-editor.default\">\n\t\t\t\t<div class=\"elementor-widget-container\">\n\t\t\t\t\t\t\t\t\t<p>No personal data are collected, transferred to third parties or used without your knowledge.<\/p>\n<p>In accordance with the French data protection law of 6 January 1978, you are entitled to access or cause the modification or deletion of your personal data.<\/p>\n<p>You may exercise that right by contacting:<\/p>\n<p>CEA SACLAY Nano-INNOV<br \/>Institut LIST Centre Paris Saclay<br \/>Point Courrier 142<br \/>91191 Gif sur Yvette CEDEX<\/p>\n<p>Users will find information about their rights, duties and the protection of personal data on the website of the Commission Nationale Informatique et Libert\u00e9s [French data protection authority] (http:\/\/www.cnil.fr)<\/p>\n<p>And also on the following page: <a href=\"https:\/\/factorylab.fr\/rgpd\/\">GDPR<\/a><\/p>\n<p>Responsibility of CEA:<br \/>The information published on this site is provided for guidance only; it is not contractual and shall not make CEA liable in any way. It may be modified or updated without notice.<\/p>\n\t\t\t\t\t\t\t\t<\/div>\n\t\t\t\t<\/div>\n\t\t\t\t<div class=\"elementor-element elementor-element-9220b31 elementor-widget elementor-widget-heading\" data-id=\"9220b31\" data-element_type=\"widget\" data-e-type=\"widget\" data-widget_type=\"heading.default\">\n\t\t\t\t<div class=\"elementor-widget-container\">\n\t\t\t\t\t<h2 class=\"elementor-heading-title elementor-size-default\">Contact<\/h2>\t\t\t\t<\/div>\n\t\t\t\t<\/div>\n\t\t\t\t<div class=\"elementor-element elementor-element-700c1e0 elementor-widget elementor-widget-text-editor\" data-id=\"700c1e0\" data-element_type=\"widget\" data-e-type=\"widget\" data-widget_type=\"text-editor.default\">\n\t\t\t\t<div class=\"elementor-widget-container\">\n\t\t\t\t\t\t\t\t\t<p>For more information about this website or to report errors and anomalies:<\/p>\n<p>factorylab@cea.fr<\/p>\n\t\t\t\t\t\t\t\t<\/div>\n\t\t\t\t<\/div>\n\t\t\t\t\t<\/div>\n\t\t<\/div>\n\t\t\t\t<div class=\"elementor-column elementor-col-50 elementor-top-column elementor-element elementor-element-e844040\" data-id=\"e844040\" data-element_type=\"column\" data-e-type=\"column\">\n\t\t\t<div class=\"elementor-widget-wrap\">\n\t\t\t\t\t\t\t<\/div>\n\t\t<\/div>\n\t\t\t\t\t<\/div>\n\t\t<\/section>\n\t\t\t\t<\/div>\n\t\t","protected":false},"excerpt":{"rendered":"<p>Legal notice Publisher: Commissariat \u00e0 l&#8217;\u00e9nergie atomique et aux \u00e9nergies Alternatives (CEA) 25 rue Leblanc B\u00e2timent Le Ponant D75015 Paris RCS B 775 685 019 01 64 50 20 59 Host:CEA25 rue Leblanc B\u00e2timent Le Ponant D75015 Paris RCS B 775 685 019 01 64 50 20 59 Editorial manager:factorylab@cea.fr Design and layout:CEA Intellectual property [&hellip;]<\/p>\n","protected":false},"author":1,"featured_media":0,"parent":0,"menu_order":0,"comment_status":"closed","ping_status":"closed","template":"","meta":{"_eb_attr":"","inline_featured_image":false,"footnotes":""},"class_list":["post-2292","page","type-page","status-publish","hentry"],"yoast_head":"<!-- This site is optimized with the Yoast SEO plugin v27.2 - https:\/\/yoast.com\/product\/yoast-seo-wordpress\/ -->\n<title>Legal notice | FactoryLab<\/title>\n<meta name=\"robots\" content=\"index, follow, max-snippet:-1, max-image-preview:large, max-video-preview:-1\" \/>\n<link rel=\"canonical\" href=\"https:\/\/factorylab.fr\/en\/legal-notice\/\" \/>\n<meta property=\"og:locale\" content=\"en_US\" \/>\n<meta property=\"og:type\" content=\"article\" \/>\n<meta property=\"og:title\" content=\"Legal notice | FactoryLab\" \/>\n<meta property=\"og:description\" content=\"Legal notice Publisher: Commissariat \u00e0 l&#8217;\u00e9nergie atomique et aux \u00e9nergies Alternatives (CEA) 25 rue Leblanc B\u00e2timent Le Ponant D75015 Paris RCS B 775 685 019 01 64 50 20 59 Host:CEA25 rue Leblanc B\u00e2timent Le Ponant D75015 Paris RCS B 775 685 019 01 64 50 20 59 Editorial manager:factorylab@cea.fr Design and layout:CEA Intellectual property [&hellip;]\" \/>\n<meta property=\"og:url\" content=\"https:\/\/factorylab.fr\/en\/legal-notice\/\" \/>\n<meta property=\"og:site_name\" content=\"FactoryLab\" \/>\n<meta property=\"article:modified_time\" content=\"2023-06-23T10:03:14+00:00\" \/>\n<meta name=\"twitter:card\" content=\"summary_large_image\" \/>\n<meta name=\"twitter:label1\" content=\"Est. reading time\" \/>\n\t<meta name=\"twitter:data1\" content=\"2 minutes\" \/>\n<script type=\"application\/ld+json\" class=\"yoast-schema-graph\">{\"@context\":\"https:\/\/schema.org\",\"@graph\":[{\"@type\":\"WebPage\",\"@id\":\"https:\/\/factorylab.fr\/en\/legal-notice\/\",\"url\":\"https:\/\/factorylab.fr\/en\/legal-notice\/\",\"name\":\"Legal notice | FactoryLab\",\"isPartOf\":{\"@id\":\"https:\/\/factorylab.fr\/en\/#website\"},\"datePublished\":\"2023-03-21T06:57:58+00:00\",\"dateModified\":\"2023-06-23T10:03:14+00:00\",\"breadcrumb\":{\"@id\":\"https:\/\/factorylab.fr\/en\/legal-notice\/#breadcrumb\"},\"inLanguage\":\"en-US\",\"potentialAction\":[{\"@type\":\"ReadAction\",\"target\":[\"https:\/\/factorylab.fr\/en\/legal-notice\/\"]}]},{\"@type\":\"BreadcrumbList\",\"@id\":\"https:\/\/factorylab.fr\/en\/legal-notice\/#breadcrumb\",\"itemListElement\":[{\"@type\":\"ListItem\",\"position\":1,\"name\":\"Accueil\",\"item\":\"https:\/\/factorylab.fr\/en\/\"},{\"@type\":\"ListItem\",\"position\":2,\"name\":\"Legal notice\"}]},{\"@type\":\"WebSite\",\"@id\":\"https:\/\/factorylab.fr\/en\/#website\",\"url\":\"https:\/\/factorylab.fr\/en\/\",\"name\":\"FactoryLab\",\"description\":\"\",\"publisher\":{\"@id\":\"https:\/\/factorylab.fr\/en\/#organization\"},\"potentialAction\":[{\"@type\":\"SearchAction\",\"target\":{\"@type\":\"EntryPoint\",\"urlTemplate\":\"https:\/\/factorylab.fr\/en\/?s={search_term_string}\"},\"query-input\":{\"@type\":\"PropertyValueSpecification\",\"valueRequired\":true,\"valueName\":\"search_term_string\"}}],\"inLanguage\":\"en-US\"},{\"@type\":\"Organization\",\"@id\":\"https:\/\/factorylab.fr\/en\/#organization\",\"name\":\"FactoryLab\",\"url\":\"https:\/\/factorylab.fr\/en\/\",\"logo\":{\"@type\":\"ImageObject\",\"inLanguage\":\"en-US\",\"@id\":\"https:\/\/factorylab.fr\/en\/#\/schema\/logo\/image\/\",\"url\":\"https:\/\/factorylab.fr\/wp-content\/uploads\/2023\/02\/FACTORYLAB-LOGO-72dpi-RVB.png\",\"contentUrl\":\"https:\/\/factorylab.fr\/wp-content\/uploads\/2023\/02\/FACTORYLAB-LOGO-72dpi-RVB.png\",\"width\":567,\"height\":510,\"caption\":\"FactoryLab\"},\"image\":{\"@id\":\"https:\/\/factorylab.fr\/en\/#\/schema\/logo\/image\/\"}}]}<\/script>\n<!-- \/ Yoast SEO plugin. -->","yoast_head_json":{"title":"Legal notice | FactoryLab","robots":{"index":"index","follow":"follow","max-snippet":"max-snippet:-1","max-image-preview":"max-image-preview:large","max-video-preview":"max-video-preview:-1"},"canonical":"https:\/\/factorylab.fr\/en\/legal-notice\/","og_locale":"en_US","og_type":"article","og_title":"Legal notice | FactoryLab","og_description":"Legal notice Publisher: Commissariat \u00e0 l&#8217;\u00e9nergie atomique et aux \u00e9nergies Alternatives (CEA) 25 rue Leblanc B\u00e2timent Le Ponant D75015 Paris RCS B 775 685 019 01 64 50 20 59 Host:CEA25 rue Leblanc B\u00e2timent Le Ponant D75015 Paris RCS B 775 685 019 01 64 50 20 59 Editorial manager:factorylab@cea.fr Design and layout:CEA Intellectual property [&hellip;]","og_url":"https:\/\/factorylab.fr\/en\/legal-notice\/","og_site_name":"FactoryLab","article_modified_time":"2023-06-23T10:03:14+00:00","twitter_card":"summary_large_image","twitter_misc":{"Est. reading time":"2 minutes"},"schema":{"@context":"https:\/\/schema.org","@graph":[{"@type":"WebPage","@id":"https:\/\/factorylab.fr\/en\/legal-notice\/","url":"https:\/\/factorylab.fr\/en\/legal-notice\/","name":"Legal notice | FactoryLab","isPartOf":{"@id":"https:\/\/factorylab.fr\/en\/#website"},"datePublished":"2023-03-21T06:57:58+00:00","dateModified":"2023-06-23T10:03:14+00:00","breadcrumb":{"@id":"https:\/\/factorylab.fr\/en\/legal-notice\/#breadcrumb"},"inLanguage":"en-US","potentialAction":[{"@type":"ReadAction","target":["https:\/\/factorylab.fr\/en\/legal-notice\/"]}]},{"@type":"BreadcrumbList","@id":"https:\/\/factorylab.fr\/en\/legal-notice\/#breadcrumb","itemListElement":[{"@type":"ListItem","position":1,"name":"Accueil","item":"https:\/\/factorylab.fr\/en\/"},{"@type":"ListItem","position":2,"name":"Legal notice"}]},{"@type":"WebSite","@id":"https:\/\/factorylab.fr\/en\/#website","url":"https:\/\/factorylab.fr\/en\/","name":"FactoryLab","description":"","publisher":{"@id":"https:\/\/factorylab.fr\/en\/#organization"},"potentialAction":[{"@type":"SearchAction","target":{"@type":"EntryPoint","urlTemplate":"https:\/\/factorylab.fr\/en\/?s={search_term_string}"},"query-input":{"@type":"PropertyValueSpecification","valueRequired":true,"valueName":"search_term_string"}}],"inLanguage":"en-US"},{"@type":"Organization","@id":"https:\/\/factorylab.fr\/en\/#organization","name":"FactoryLab","url":"https:\/\/factorylab.fr\/en\/","logo":{"@type":"ImageObject","inLanguage":"en-US","@id":"https:\/\/factorylab.fr\/en\/#\/schema\/logo\/image\/","url":"https:\/\/factorylab.fr\/wp-content\/uploads\/2023\/02\/FACTORYLAB-LOGO-72dpi-RVB.png","contentUrl":"https:\/\/factorylab.fr\/wp-content\/uploads\/2023\/02\/FACTORYLAB-LOGO-72dpi-RVB.png","width":567,"height":510,"caption":"FactoryLab"},"image":{"@id":"https:\/\/factorylab.fr\/en\/#\/schema\/logo\/image\/"}}]}},"_links":{"self":[{"href":"https:\/\/factorylab.fr\/en\/wp-json\/wp\/v2\/pages\/2292","targetHints":{"allow":["GET"]}}],"collection":[{"href":"https:\/\/factorylab.fr\/en\/wp-json\/wp\/v2\/pages"}],"about":[{"href":"https:\/\/factorylab.fr\/en\/wp-json\/wp\/v2\/types\/page"}],"author":[{"embeddable":true,"href":"https:\/\/factorylab.fr\/en\/wp-json\/wp\/v2\/users\/1"}],"replies":[{"embeddable":true,"href":"https:\/\/factorylab.fr\/en\/wp-json\/wp\/v2\/comments?post=2292"}],"version-history":[{"count":1,"href":"https:\/\/factorylab.fr\/en\/wp-json\/wp\/v2\/pages\/2292\/revisions"}],"predecessor-version":[{"id":2293,"href":"https:\/\/factorylab.fr\/en\/wp-json\/wp\/v2\/pages\/2292\/revisions\/2293"}],"wp:attachment":[{"href":"https:\/\/factorylab.fr\/en\/wp-json\/wp\/v2\/media?parent=2292"}],"curies":[{"name":"wp","href":"https:\/\/api.w.org\/{rel}","templated":true}]}}